{"id":454,"date":"2024-11-25T08:35:50","date_gmt":"2024-11-25T08:35:50","guid":{"rendered":"https:\/\/buildpat.com.ciitjedo.lucusprueba.es\/?page_id=454"},"modified":"2025-01-13T15:28:58","modified_gmt":"2025-01-13T15:28:58","slug":"politica-de-cookies","status":"publish","type":"page","link":"https:\/\/buildpat.com.ciitjedo.lucusprueba.es\/en\/cookies-policy\/","title":{"rendered":"Cookie Policy"},"content":{"rendered":"<div data-elementor-type=\"wp-page\" data-elementor-id=\"454\" class=\"elementor elementor-454\" data-elementor-post-type=\"page\">\n\t\t\t\t<div class=\"elementor-element elementor-element-178f678c e-flex e-con-boxed e-con e-parent\" data-id=\"178f678c\" data-element_type=\"container\" data-settings=\"{&quot;background_background&quot;:&quot;classic&quot;}\">\n\t\t\t\t\t<div class=\"e-con-inner\">\n\t\t\t\t\t<\/div>\n\t\t\t\t<\/div>\n\t\t<div class=\"elementor-element elementor-element-70947c1c e-flex e-con-boxed e-con e-parent\" data-id=\"70947c1c\" data-element_type=\"container\" data-settings=\"{&quot;background_background&quot;:&quot;classic&quot;}\">\n\t\t\t\t\t<div class=\"e-con-inner\">\n\t\t\t\t<div class=\"elementor-element elementor-element-5dff4560 elementor-widget elementor-widget-text-editor\" data-id=\"5dff4560\" data-element_type=\"widget\" data-widget_type=\"text-editor.default\">\n\t\t\t\t<div class=\"elementor-widget-container\">\n\t\t\t\t\t\t\t\t\t<h3><strong>Access and use of cookies on this website<\/strong><\/h3><p>Access to this website may involve the use of cookies. Cookies are small amounts of information that are stored in the browser used by each user in the different devices that may be used to navigate. Their purpose is to allow the server to remember certain information that will later be read only by the server that implemented it.<\/p><p>Cookies make browsing easier, more user-friendly and do not damage the device used. They are automatic procedures for the collection of information related to the user's preferences during his visit to the website. Their function is to recognize the user, personalize the user's experience and use of the website, as well as to identify and resolve possible errors.<\/p><p>The information collected by cookies may include the date and time of visits to the website, pages viewed, time spent on the site, and sites visited before and after. However, no cookie allows the user to be contacted through their telephone number or any other personal means of contact. Nor can they extract information from the user's hard drive or steal personal information. The only way for the user's private information to be part of the cookie file is for the user to provide that information to the server.<\/p><p>Cookies that allow a person to be identified are considered personal data, and therefore, the Privacy Policy will be applicable. In this sense, the user's consent for their use will be required, which will be communicated by an affirmative action prior to their processing.<\/p><h3><strong>Types of cookies used<\/strong><\/h3><ol><li><strong>Own cookies: <\/strong>These cookies are sent to the user's device and managed exclusively by us to improve the functioning of the website. They allow us to recognize the user as a returning visitor and personalize the content according to their preferences.<\/li><li><strong>Third-party cookies: <\/strong>These are cookies used and managed by external entities to provide services requested by us, such as access statistics and navigation analysis. The information obtained includes, for example, the number of pages visited, language, user location and time of visit. This data is collected anonymously to compile trend reports without identifying individual users.<p>For more information about cookies, their description, main features and expiration period, please refer to the following links of responsible third parties:<\/p><ul><li><strong>Facebook<\/strong>: <a href=\"https:\/\/www.facebook.com\/policies\/cookies\/\">Facebook Cookie Policy<\/a><\/li><li><strong>Twitter<\/strong>: <a href=\"https:\/\/twitter.com\/es\/privacy\">Twitter Privacy Policy<\/a><\/li><li><strong>Instagram<\/strong>: <a href=\"https:\/\/help.instagram.com\/1896641480634370?ref=ig\">Instagram Help<\/a><\/li><li><strong>YouTube<\/strong>: <a href=\"https:\/\/policies.google.com\/privacy?hl=es-419&amp;gl=mx\">Google Policies<\/a><\/li><li><strong>Pinterest<\/strong>: <a href=\"https:\/\/policy.pinterest.com\/es\/privacy-policy\">Pinterest Privacy Policy<\/a><\/li><li><strong>LinkedIn<\/strong>: <a href=\"https:\/\/www.linkedin.com\/legal\/cookie-policy?trk=hp-cookies\">LinkedIn Cookie Policy<\/a><\/li><\/ul><\/li><\/ol><h3><strong>Disabling, rejecting and deleting cookies<\/strong><\/h3><p>The user can disable, reject and delete cookies installed on their device through their browser settings (e.g. Chrome, Firefox, Safari, Explorer). The procedures may vary depending on the browser used, so it is recommended to follow the specific instructions of each browser. Please note that by rejecting cookies, it is possible that the use of some functionalities of the website may be limited.<\/p><p>If you have any questions about this policy, you may contact us at <a href=\"mailto:info@buildpat.com.ciitjedo.lucusprueba.es\">info@buildpat.com.ciitjedo.lucusprueba.es<\/a>.<\/p>\t\t\t\t\t\t\t\t<\/div>\n\t\t\t\t<\/div>\n\t\t\t\t\t<\/div>\n\t\t\t\t<\/div>\n\t\t\t\t<\/div>","protected":false},"excerpt":{"rendered":"<p>Acceso y uso de cookies en esta web El acceso a este sitio web puede implicar la utilizaci\u00f3n de cookies. Las cookies son peque\u00f1as cantidades de informaci\u00f3n que se almacenan en el navegador utilizado por cada usuario en los diferentes dispositivos que puedan emplear para navegar. Su prop\u00f3sito es permitir que el servidor recuerde cierta [&hellip;]<\/p>","protected":false},"author":1,"featured_media":0,"parent":0,"menu_order":0,"comment_status":"closed","ping_status":"closed","template":"elementor_header_footer","meta":{"footnotes":""},"class_list":["post-454","page","type-page","status-publish","hentry"],"yoast_head":"<!-- This site is optimized with the Yoast SEO plugin v24.3 - https:\/\/yoast.com\/wordpress\/plugins\/seo\/ -->\n<title>Pol\u00edtica de cookies - Buildpat<\/title>\n<meta name=\"robots\" content=\"index, follow, max-snippet:-1, max-image-preview:large, max-video-preview:-1\" \/>\n<link rel=\"canonical\" href=\"https:\/\/buildpat.com.ciitjedo.lucusprueba.es\/en\/wp-json\/wp\/v2\/pages\/454\" \/>\n<meta property=\"og:locale\" content=\"en_US\" \/>\n<meta property=\"og:type\" content=\"article\" \/>\n<meta property=\"og:title\" content=\"Pol\u00edtica de cookies - Buildpat\" \/>\n<meta property=\"og:description\" content=\"Acceso y uso de cookies en esta web El acceso a este sitio web puede implicar la utilizaci\u00f3n de cookies. Las cookies son peque\u00f1as cantidades de informaci\u00f3n que se almacenan en el navegador utilizado por cada usuario en los diferentes dispositivos que puedan emplear para navegar. Su prop\u00f3sito es permitir que el servidor recuerde cierta [&hellip;]\" \/>\n<meta property=\"og:url\" content=\"https:\/\/buildpat.com.ciitjedo.lucusprueba.es\/en\/cookies-policy\/\" \/>\n<meta property=\"og:site_name\" content=\"Buildpat\" \/>\n<meta property=\"article:modified_time\" content=\"2025-01-13T15:28:58+00:00\" \/>\n<meta name=\"twitter:card\" content=\"summary_large_image\" \/>\n<meta name=\"twitter:label1\" content=\"Est. reading time\" \/>\n\t<meta name=\"twitter:data1\" content=\"3 minutes\" \/>\n<script type=\"application\/ld+json\" class=\"yoast-schema-graph\">{\"@context\":\"https:\/\/schema.org\",\"@graph\":[{\"@type\":\"WebPage\",\"@id\":\"https:\/\/buildpat.com.ciitjedo.lucusprueba.es\/politica-de-cookies\/\",\"url\":\"https:\/\/buildpat.com.ciitjedo.lucusprueba.es\/politica-de-cookies\/\",\"name\":\"Pol\u00edtica de cookies - Buildpat\",\"isPartOf\":{\"@id\":\"https:\/\/buildpat.com.ciitjedo.lucusprueba.es\/es\/#website\"},\"datePublished\":\"2024-11-25T08:35:50+00:00\",\"dateModified\":\"2025-01-13T15:28:58+00:00\",\"breadcrumb\":{\"@id\":\"https:\/\/buildpat.com.ciitjedo.lucusprueba.es\/politica-de-cookies\/#breadcrumb\"},\"inLanguage\":\"en-US\",\"potentialAction\":[{\"@type\":\"ReadAction\",\"target\":[\"https:\/\/buildpat.com.ciitjedo.lucusprueba.es\/politica-de-cookies\/\"]}]},{\"@type\":\"BreadcrumbList\",\"@id\":\"https:\/\/buildpat.com.ciitjedo.lucusprueba.es\/politica-de-cookies\/#breadcrumb\",\"itemListElement\":[{\"@type\":\"ListItem\",\"position\":1,\"name\":\"Portada\",\"item\":\"https:\/\/buildpat.com.ciitjedo.lucusprueba.es\/\"},{\"@type\":\"ListItem\",\"position\":2,\"name\":\"Pol\u00edtica de cookies\"}]},{\"@type\":\"WebSite\",\"@id\":\"https:\/\/buildpat.com.ciitjedo.lucusprueba.es\/es\/#website\",\"url\":\"https:\/\/buildpat.com.ciitjedo.lucusprueba.es\/es\/\",\"name\":\"Davis\",\"description\":\"Reformas integrales\",\"publisher\":{\"@id\":\"https:\/\/buildpat.com.ciitjedo.lucusprueba.es\/es\/#organization\"},\"potentialAction\":[{\"@type\":\"SearchAction\",\"target\":{\"@type\":\"EntryPoint\",\"urlTemplate\":\"https:\/\/buildpat.com.ciitjedo.lucusprueba.es\/es\/?s={search_term_string}\"},\"query-input\":{\"@type\":\"PropertyValueSpecification\",\"valueRequired\":true,\"valueName\":\"search_term_string\"}}],\"inLanguage\":\"en-US\"},{\"@type\":\"Organization\",\"@id\":\"https:\/\/buildpat.com.ciitjedo.lucusprueba.es\/es\/#organization\",\"name\":\"Davis\",\"url\":\"https:\/\/buildpat.com.ciitjedo.lucusprueba.es\/es\/\",\"logo\":{\"@type\":\"ImageObject\",\"inLanguage\":\"en-US\",\"@id\":\"https:\/\/buildpat.com.ciitjedo.lucusprueba.es\/es\/#\/schema\/logo\/image\/\",\"url\":\"https:\/\/buildpat.com.ciitjedo.lucusprueba.es\/wp-content\/uploads\/2024\/04\/Logo-buildpat.webp\",\"contentUrl\":\"https:\/\/buildpat.com.ciitjedo.lucusprueba.es\/wp-content\/uploads\/2024\/04\/Logo-buildpat.webp\",\"width\":500,\"height\":218,\"caption\":\"Davis\"},\"image\":{\"@id\":\"https:\/\/buildpat.com.ciitjedo.lucusprueba.es\/es\/#\/schema\/logo\/image\/\"}}]}<\/script>\n<!-- \/ Yoast SEO plugin. -->","yoast_head_json":{"title":"Pol\u00edtica de cookies - Buildpat","robots":{"index":"index","follow":"follow","max-snippet":"max-snippet:-1","max-image-preview":"max-image-preview:large","max-video-preview":"max-video-preview:-1"},"canonical":"https:\/\/buildpat.com.ciitjedo.lucusprueba.es\/en\/wp-json\/wp\/v2\/pages\/454","og_locale":"en_US","og_type":"article","og_title":"Pol\u00edtica de cookies - Buildpat","og_description":"Acceso y uso de cookies en esta web El acceso a este sitio web puede implicar la utilizaci\u00f3n de cookies. Las cookies son peque\u00f1as cantidades de informaci\u00f3n que se almacenan en el navegador utilizado por cada usuario en los diferentes dispositivos que puedan emplear para navegar. Su prop\u00f3sito es permitir que el servidor recuerde cierta [&hellip;]","og_url":"https:\/\/buildpat.com.ciitjedo.lucusprueba.es\/en\/cookies-policy\/","og_site_name":"Buildpat","article_modified_time":"2025-01-13T15:28:58+00:00","twitter_card":"summary_large_image","twitter_misc":{"Est. reading time":"3 minutes"},"schema":{"@context":"https:\/\/schema.org","@graph":[{"@type":"WebPage","@id":"https:\/\/buildpat.com.ciitjedo.lucusprueba.es\/politica-de-cookies\/","url":"https:\/\/buildpat.com.ciitjedo.lucusprueba.es\/politica-de-cookies\/","name":"Pol\u00edtica de cookies - Buildpat","isPartOf":{"@id":"https:\/\/buildpat.com.ciitjedo.lucusprueba.es\/es\/#website"},"datePublished":"2024-11-25T08:35:50+00:00","dateModified":"2025-01-13T15:28:58+00:00","breadcrumb":{"@id":"https:\/\/buildpat.com.ciitjedo.lucusprueba.es\/politica-de-cookies\/#breadcrumb"},"inLanguage":"en-US","potentialAction":[{"@type":"ReadAction","target":["https:\/\/buildpat.com.ciitjedo.lucusprueba.es\/politica-de-cookies\/"]}]},{"@type":"BreadcrumbList","@id":"https:\/\/buildpat.com.ciitjedo.lucusprueba.es\/politica-de-cookies\/#breadcrumb","itemListElement":[{"@type":"ListItem","position":1,"name":"Portada","item":"https:\/\/buildpat.com.ciitjedo.lucusprueba.es\/"},{"@type":"ListItem","position":2,"name":"Pol\u00edtica de cookies"}]},{"@type":"WebSite","@id":"https:\/\/buildpat.com.ciitjedo.lucusprueba.es\/es\/#website","url":"https:\/\/buildpat.com.ciitjedo.lucusprueba.es\/es\/","name":"Davis","description":"Reformas integrales","publisher":{"@id":"https:\/\/buildpat.com.ciitjedo.lucusprueba.es\/es\/#organization"},"potentialAction":[{"@type":"SearchAction","target":{"@type":"EntryPoint","urlTemplate":"https:\/\/buildpat.com.ciitjedo.lucusprueba.es\/es\/?s={search_term_string}"},"query-input":{"@type":"PropertyValueSpecification","valueRequired":true,"valueName":"search_term_string"}}],"inLanguage":"en-US"},{"@type":"Organization","@id":"https:\/\/buildpat.com.ciitjedo.lucusprueba.es\/es\/#organization","name":"Davis","url":"https:\/\/buildpat.com.ciitjedo.lucusprueba.es\/es\/","logo":{"@type":"ImageObject","inLanguage":"en-US","@id":"https:\/\/buildpat.com.ciitjedo.lucusprueba.es\/es\/#\/schema\/logo\/image\/","url":"https:\/\/buildpat.com.ciitjedo.lucusprueba.es\/wp-content\/uploads\/2024\/04\/Logo-buildpat.webp","contentUrl":"https:\/\/buildpat.com.ciitjedo.lucusprueba.es\/wp-content\/uploads\/2024\/04\/Logo-buildpat.webp","width":500,"height":218,"caption":"Davis"},"image":{"@id":"https:\/\/buildpat.com.ciitjedo.lucusprueba.es\/es\/#\/schema\/logo\/image\/"}}]}},"_links":{"self":[{"href":"https:\/\/buildpat.com.ciitjedo.lucusprueba.es\/en\/wp-json\/wp\/v2\/pages\/454","targetHints":{"allow":["GET"]}}],"collection":[{"href":"https:\/\/buildpat.com.ciitjedo.lucusprueba.es\/en\/wp-json\/wp\/v2\/pages"}],"about":[{"href":"https:\/\/buildpat.com.ciitjedo.lucusprueba.es\/en\/wp-json\/wp\/v2\/types\/page"}],"author":[{"embeddable":true,"href":"https:\/\/buildpat.com.ciitjedo.lucusprueba.es\/en\/wp-json\/wp\/v2\/users\/1"}],"replies":[{"embeddable":true,"href":"https:\/\/buildpat.com.ciitjedo.lucusprueba.es\/en\/wp-json\/wp\/v2\/comments?post=454"}],"version-history":[{"count":6,"href":"https:\/\/buildpat.com.ciitjedo.lucusprueba.es\/en\/wp-json\/wp\/v2\/pages\/454\/revisions"}],"predecessor-version":[{"id":2584,"href":"https:\/\/buildpat.com.ciitjedo.lucusprueba.es\/en\/wp-json\/wp\/v2\/pages\/454\/revisions\/2584"}],"wp:attachment":[{"href":"https:\/\/buildpat.com.ciitjedo.lucusprueba.es\/en\/wp-json\/wp\/v2\/media?parent=454"}],"curies":[{"name":"wp","href":"https:\/\/api.w.org\/{rel}","templated":true}]}}