{"id":456,"date":"2024-11-25T08:36:01","date_gmt":"2024-11-25T08:36:01","guid":{"rendered":"https:\/\/buildpat.com.ciitjedo.lucusprueba.es\/?page_id=456"},"modified":"2025-01-13T15:06:08","modified_gmt":"2025-01-13T15:06:08","slug":"aviso-legal","status":"publish","type":"page","link":"https:\/\/buildpat.com.ciitjedo.lucusprueba.es\/en\/legal-notice\/","title":{"rendered":"Legal Notice"},"content":{"rendered":"<div data-elementor-type=\"wp-page\" data-elementor-id=\"456\" class=\"elementor elementor-456\" data-elementor-post-type=\"page\">\n\t\t\t\t<div class=\"elementor-element elementor-element-61e1fa5c e-flex e-con-boxed e-con e-parent\" data-id=\"61e1fa5c\" data-element_type=\"container\" data-settings=\"{&quot;background_background&quot;:&quot;classic&quot;}\">\n\t\t\t\t\t<div class=\"e-con-inner\">\n\t\t\t\t\t<\/div>\n\t\t\t\t<\/div>\n\t\t<div class=\"elementor-element elementor-element-8a92fbc e-flex e-con-boxed e-con e-parent\" data-id=\"8a92fbc\" data-element_type=\"container\" data-settings=\"{&quot;background_background&quot;:&quot;classic&quot;}\">\n\t\t\t\t\t<div class=\"e-con-inner\">\n\t\t\t\t<div class=\"elementor-element elementor-element-8e7e332 elementor-widget elementor-widget-text-editor\" data-id=\"8e7e332\" data-element_type=\"widget\" data-widget_type=\"text-editor.default\">\n\t\t\t\t<div class=\"elementor-widget-container\">\n\t\t\t\t\t\t\t\t\t<h3><strong>I. GENERAL INFORMATION<\/strong><\/h3><p>In compliance with the duty of information established in Law 34\/2002, of July 11, 2002, of Information Society Services and Electronic Commerce (LSSI-CE), the general information of this website is provided below:<\/p><p>The owner of this website, <a href=\"https:\/\/earthpat.com\/\">https:\/\/buildpat.com.ciitjedo.lucusprueba.es<\/a>(hereinafter, the Website) is EARTHPAT S.L., with NIF: B55446199, and whose contact details are:<\/p><ul><li>Address: Rambla Catalu\u00f1a 57-59, 4\u00ba 1\u00aa, 08007 Barcelona<\/li><li>Contact telephone number: 93 212 81 27<\/li><li>Fax: 93 212 81 27<\/li><li>Contact e-mail address: <a href=\"mailto:info@earthpat.com\">info@buildpat.com.ciitjedo.lucusprueba.es<\/a><\/li><\/ul><hr \/><h3><strong>II. GENERAL CONDITIONS OF USE<\/strong><\/h3><h3>Object of the conditions: The Web Site<\/h3><p>The purpose of these General Conditions of Use (hereinafter, the Conditions) is to regulate the access and use of the Website. For the purposes of these Terms, the term Website includes: the external appearance of the screen interfaces, both in static and dynamic form, the navigation tree and all the elements integrated in both (hereinafter, the Contents) as well as all the online services or resources offered to Users (hereinafter, the Services).<\/p><p>BUILDPAT reserves the right to modify, at any time and without prior notice, the presentation and configuration of the Website, as well as the Contents and Services that may be incorporated therein. The User acknowledges and accepts that at any time BUILDPAT may interrupt, deactivate and\/or cancel any of these elements integrated in the Website or the access to them.<\/p><p>Access to the Web Site by the User is free and, as a general rule, is free of charge, without the User having to provide a consideration to enjoy it, except for the cost of connection through the telecommunications network provided by the access provider contracted by the User.<\/p><p>The use of any of the Contents or Services of the Web Site may be made through the User's prior subscription or registration.<\/p><h3>The User<\/h3><p>The access, navigation and use of the Website, as well as the spaces enabled to interact among the Users and between the User and BUILDPAT, confers the condition of User, and therefore, from the beginning of the navigation, all the Conditions established in this document, as well as its subsequent modifications, are accepted.<\/p><p>The User agrees to a proper use of the Website, which includes:<\/p><ol><li>Use the Website and its Contents without contravening legal provisions, morality or public order.<\/li><li>To guarantee the veracity and legality of the data provided in forms or records.<\/li><\/ol><p>BUILDPAT, reserves the right to remove comments or contributions that violate the dignity of persons, are discriminatory or inappropriate.<\/p><p>Access to the Website does not imply any type of commercial relationship between BUILDPAT and the User.<\/p><p>The User declares to be of legal age and to have sufficient legal capacity to accept these Conditions. Therefore, BUILDPAT declines any responsibility in case of non-compliance.<\/p><hr \/><h3><strong>III. ACCESS AND NAVIGATION ON THE WEB SITE: EXCLUSION OF WARRANTIES AND LIABILITY<\/strong><\/h3><p>BUILDPAT does not guarantee the availability, continuity and usefulness of the Website, its Contents or Services, although it will make reasonable efforts to guarantee its correct operation.<\/p><p>It is not responsible for damages caused to the User's system (hardware or software) or interruptions due to external causes. Likewise, it does not guarantee the absence of viruses or other harmful elements.<\/p><hr \/><h3><strong>IV. LINKING POLICY<\/strong><\/h3><p>The Website may include links to third party sites in order to facilitate access to information. BUILDPAT does not control or assume responsibility for the quality, availability or content of these sites.<\/p><hr \/><h3><strong>V. INTELLECTUAL AND INDUSTRIAL PROPERTY<\/strong><\/h3><p>BUILDPAT is the owner of the intellectual and industrial property rights of the Website and its elements. The total or partial reproduction of the Contents is prohibited without express authorization.<\/p><hr \/><h3><strong>VI. LEGAL ACTIONS, APPLICABLE LAW AND JURISDICTION<\/strong><\/h3><p>BUILDPAT reserves the right to take legal action for improper use of the Website or for breach of these Terms.<\/p><p>The relationship between the User and BUILDPAT shall be governed by Spanish law. In case of dispute, both parties shall submit to the courts and tribunals of Barcelona.<\/p>\t\t\t\t\t\t\t\t<\/div>\n\t\t\t\t<\/div>\n\t\t\t\t\t<\/div>\n\t\t\t\t<\/div>\n\t\t\t\t<\/div>","protected":false},"excerpt":{"rendered":"<p>I. INFORMACI\u00d3N GENERAL En cumplimiento con el deber de informaci\u00f3n establecido en la Ley 34\/2002, de 11 de julio, de Servicios de la Sociedad de la Informaci\u00f3n y del Comercio Electr\u00f3nico (LSSI-CE), a continuaci\u00f3n se proporciona la informaci\u00f3n general de este sitio web: El titular de este sitio web, https:\/\/buildpat.com.ciitjedo.lucusprueba.es, (en adelante, el Sitio Web) [&hellip;]<\/p>","protected":false},"author":1,"featured_media":0,"parent":0,"menu_order":0,"comment_status":"closed","ping_status":"closed","template":"elementor_header_footer","meta":{"footnotes":""},"class_list":["post-456","page","type-page","status-publish","hentry"],"yoast_head":"<!-- This site is optimized with the Yoast SEO plugin v24.3 - https:\/\/yoast.com\/wordpress\/plugins\/seo\/ -->\n<title>Aviso legal - Buildpat<\/title>\n<meta name=\"robots\" content=\"index, follow, max-snippet:-1, max-image-preview:large, max-video-preview:-1\" \/>\n<link rel=\"canonical\" href=\"https:\/\/buildpat.com.ciitjedo.lucusprueba.es\/en\/wp-json\/wp\/v2\/pages\/456\" \/>\n<meta property=\"og:locale\" content=\"en_US\" \/>\n<meta property=\"og:type\" content=\"article\" \/>\n<meta property=\"og:title\" content=\"Aviso legal - Buildpat\" \/>\n<meta property=\"og:description\" content=\"I. INFORMACI\u00d3N GENERAL En cumplimiento con el deber de informaci\u00f3n establecido en la Ley 34\/2002, de 11 de julio, de Servicios de la Sociedad de la Informaci\u00f3n y del Comercio Electr\u00f3nico (LSSI-CE), a continuaci\u00f3n se proporciona la informaci\u00f3n general de este sitio web: El titular de este sitio web, https:\/\/buildpat.com.ciitjedo.lucusprueba.es, (en adelante, el Sitio Web) [&hellip;]\" \/>\n<meta property=\"og:url\" content=\"https:\/\/buildpat.com.ciitjedo.lucusprueba.es\/en\/legal-notice\/\" \/>\n<meta property=\"og:site_name\" content=\"Buildpat\" \/>\n<meta property=\"article:modified_time\" content=\"2025-01-13T15:06:08+00:00\" \/>\n<meta name=\"twitter:card\" content=\"summary_large_image\" \/>\n<meta name=\"twitter:label1\" content=\"Est. reading time\" \/>\n\t<meta name=\"twitter:data1\" content=\"4 minutes\" \/>\n<script type=\"application\/ld+json\" class=\"yoast-schema-graph\">{\"@context\":\"https:\/\/schema.org\",\"@graph\":[{\"@type\":\"WebPage\",\"@id\":\"https:\/\/buildpat.com.ciitjedo.lucusprueba.es\/aviso-legal\/\",\"url\":\"https:\/\/buildpat.com.ciitjedo.lucusprueba.es\/aviso-legal\/\",\"name\":\"Aviso legal - Buildpat\",\"isPartOf\":{\"@id\":\"https:\/\/buildpat.com.ciitjedo.lucusprueba.es\/es\/#website\"},\"datePublished\":\"2024-11-25T08:36:01+00:00\",\"dateModified\":\"2025-01-13T15:06:08+00:00\",\"breadcrumb\":{\"@id\":\"https:\/\/buildpat.com.ciitjedo.lucusprueba.es\/aviso-legal\/#breadcrumb\"},\"inLanguage\":\"en-US\",\"potentialAction\":[{\"@type\":\"ReadAction\",\"target\":[\"https:\/\/buildpat.com.ciitjedo.lucusprueba.es\/aviso-legal\/\"]}]},{\"@type\":\"BreadcrumbList\",\"@id\":\"https:\/\/buildpat.com.ciitjedo.lucusprueba.es\/aviso-legal\/#breadcrumb\",\"itemListElement\":[{\"@type\":\"ListItem\",\"position\":1,\"name\":\"Portada\",\"item\":\"https:\/\/buildpat.com.ciitjedo.lucusprueba.es\/\"},{\"@type\":\"ListItem\",\"position\":2,\"name\":\"Aviso legal\"}]},{\"@type\":\"WebSite\",\"@id\":\"https:\/\/buildpat.com.ciitjedo.lucusprueba.es\/es\/#website\",\"url\":\"https:\/\/buildpat.com.ciitjedo.lucusprueba.es\/es\/\",\"name\":\"Davis\",\"description\":\"Reformas integrales\",\"publisher\":{\"@id\":\"https:\/\/buildpat.com.ciitjedo.lucusprueba.es\/es\/#organization\"},\"potentialAction\":[{\"@type\":\"SearchAction\",\"target\":{\"@type\":\"EntryPoint\",\"urlTemplate\":\"https:\/\/buildpat.com.ciitjedo.lucusprueba.es\/es\/?s={search_term_string}\"},\"query-input\":{\"@type\":\"PropertyValueSpecification\",\"valueRequired\":true,\"valueName\":\"search_term_string\"}}],\"inLanguage\":\"en-US\"},{\"@type\":\"Organization\",\"@id\":\"https:\/\/buildpat.com.ciitjedo.lucusprueba.es\/es\/#organization\",\"name\":\"Davis\",\"url\":\"https:\/\/buildpat.com.ciitjedo.lucusprueba.es\/es\/\",\"logo\":{\"@type\":\"ImageObject\",\"inLanguage\":\"en-US\",\"@id\":\"https:\/\/buildpat.com.ciitjedo.lucusprueba.es\/es\/#\/schema\/logo\/image\/\",\"url\":\"https:\/\/buildpat.com.ciitjedo.lucusprueba.es\/wp-content\/uploads\/2024\/04\/Logo-buildpat.webp\",\"contentUrl\":\"https:\/\/buildpat.com.ciitjedo.lucusprueba.es\/wp-content\/uploads\/2024\/04\/Logo-buildpat.webp\",\"width\":500,\"height\":218,\"caption\":\"Davis\"},\"image\":{\"@id\":\"https:\/\/buildpat.com.ciitjedo.lucusprueba.es\/es\/#\/schema\/logo\/image\/\"}}]}<\/script>\n<!-- \/ Yoast SEO plugin. -->","yoast_head_json":{"title":"Aviso legal - Buildpat","robots":{"index":"index","follow":"follow","max-snippet":"max-snippet:-1","max-image-preview":"max-image-preview:large","max-video-preview":"max-video-preview:-1"},"canonical":"https:\/\/buildpat.com.ciitjedo.lucusprueba.es\/en\/wp-json\/wp\/v2\/pages\/456","og_locale":"en_US","og_type":"article","og_title":"Aviso legal - Buildpat","og_description":"I. INFORMACI\u00d3N GENERAL En cumplimiento con el deber de informaci\u00f3n establecido en la Ley 34\/2002, de 11 de julio, de Servicios de la Sociedad de la Informaci\u00f3n y del Comercio Electr\u00f3nico (LSSI-CE), a continuaci\u00f3n se proporciona la informaci\u00f3n general de este sitio web: El titular de este sitio web, https:\/\/buildpat.com.ciitjedo.lucusprueba.es, (en adelante, el Sitio Web) [&hellip;]","og_url":"https:\/\/buildpat.com.ciitjedo.lucusprueba.es\/en\/legal-notice\/","og_site_name":"Buildpat","article_modified_time":"2025-01-13T15:06:08+00:00","twitter_card":"summary_large_image","twitter_misc":{"Est. reading time":"4 minutes"},"schema":{"@context":"https:\/\/schema.org","@graph":[{"@type":"WebPage","@id":"https:\/\/buildpat.com.ciitjedo.lucusprueba.es\/aviso-legal\/","url":"https:\/\/buildpat.com.ciitjedo.lucusprueba.es\/aviso-legal\/","name":"Aviso legal - Buildpat","isPartOf":{"@id":"https:\/\/buildpat.com.ciitjedo.lucusprueba.es\/es\/#website"},"datePublished":"2024-11-25T08:36:01+00:00","dateModified":"2025-01-13T15:06:08+00:00","breadcrumb":{"@id":"https:\/\/buildpat.com.ciitjedo.lucusprueba.es\/aviso-legal\/#breadcrumb"},"inLanguage":"en-US","potentialAction":[{"@type":"ReadAction","target":["https:\/\/buildpat.com.ciitjedo.lucusprueba.es\/aviso-legal\/"]}]},{"@type":"BreadcrumbList","@id":"https:\/\/buildpat.com.ciitjedo.lucusprueba.es\/aviso-legal\/#breadcrumb","itemListElement":[{"@type":"ListItem","position":1,"name":"Portada","item":"https:\/\/buildpat.com.ciitjedo.lucusprueba.es\/"},{"@type":"ListItem","position":2,"name":"Aviso legal"}]},{"@type":"WebSite","@id":"https:\/\/buildpat.com.ciitjedo.lucusprueba.es\/es\/#website","url":"https:\/\/buildpat.com.ciitjedo.lucusprueba.es\/es\/","name":"Davis","description":"Reformas integrales","publisher":{"@id":"https:\/\/buildpat.com.ciitjedo.lucusprueba.es\/es\/#organization"},"potentialAction":[{"@type":"SearchAction","target":{"@type":"EntryPoint","urlTemplate":"https:\/\/buildpat.com.ciitjedo.lucusprueba.es\/es\/?s={search_term_string}"},"query-input":{"@type":"PropertyValueSpecification","valueRequired":true,"valueName":"search_term_string"}}],"inLanguage":"en-US"},{"@type":"Organization","@id":"https:\/\/buildpat.com.ciitjedo.lucusprueba.es\/es\/#organization","name":"Davis","url":"https:\/\/buildpat.com.ciitjedo.lucusprueba.es\/es\/","logo":{"@type":"ImageObject","inLanguage":"en-US","@id":"https:\/\/buildpat.com.ciitjedo.lucusprueba.es\/es\/#\/schema\/logo\/image\/","url":"https:\/\/buildpat.com.ciitjedo.lucusprueba.es\/wp-content\/uploads\/2024\/04\/Logo-buildpat.webp","contentUrl":"https:\/\/buildpat.com.ciitjedo.lucusprueba.es\/wp-content\/uploads\/2024\/04\/Logo-buildpat.webp","width":500,"height":218,"caption":"Davis"},"image":{"@id":"https:\/\/buildpat.com.ciitjedo.lucusprueba.es\/es\/#\/schema\/logo\/image\/"}}]}},"_links":{"self":[{"href":"https:\/\/buildpat.com.ciitjedo.lucusprueba.es\/en\/wp-json\/wp\/v2\/pages\/456","targetHints":{"allow":["GET"]}}],"collection":[{"href":"https:\/\/buildpat.com.ciitjedo.lucusprueba.es\/en\/wp-json\/wp\/v2\/pages"}],"about":[{"href":"https:\/\/buildpat.com.ciitjedo.lucusprueba.es\/en\/wp-json\/wp\/v2\/types\/page"}],"author":[{"embeddable":true,"href":"https:\/\/buildpat.com.ciitjedo.lucusprueba.es\/en\/wp-json\/wp\/v2\/users\/1"}],"replies":[{"embeddable":true,"href":"https:\/\/buildpat.com.ciitjedo.lucusprueba.es\/en\/wp-json\/wp\/v2\/comments?post=456"}],"version-history":[{"count":23,"href":"https:\/\/buildpat.com.ciitjedo.lucusprueba.es\/en\/wp-json\/wp\/v2\/pages\/456\/revisions"}],"predecessor-version":[{"id":2573,"href":"https:\/\/buildpat.com.ciitjedo.lucusprueba.es\/en\/wp-json\/wp\/v2\/pages\/456\/revisions\/2573"}],"wp:attachment":[{"href":"https:\/\/buildpat.com.ciitjedo.lucusprueba.es\/en\/wp-json\/wp\/v2\/media?parent=456"}],"curies":[{"name":"wp","href":"https:\/\/api.w.org\/{rel}","templated":true}]}}