{"id":454,"date":"2024-11-25T08:35:50","date_gmt":"2024-11-25T08:35:50","guid":{"rendered":"https:\/\/buildpat.com.ciitjedo.lucusprueba.es\/?page_id=454"},"modified":"2025-01-13T15:28:58","modified_gmt":"2025-01-13T15:28:58","slug":"politica-de-cookies","status":"publish","type":"page","link":"https:\/\/buildpat.com.ciitjedo.lucusprueba.es\/es\/politica-de-cookies\/","title":{"rendered":"Pol\u00edtica de cookies"},"content":{"rendered":"\t\t<div data-elementor-type=\"wp-page\" data-elementor-id=\"454\" class=\"elementor elementor-454\" data-elementor-post-type=\"page\">\n\t\t\t\t<div class=\"elementor-element elementor-element-178f678c e-flex e-con-boxed e-con e-parent\" data-id=\"178f678c\" data-element_type=\"container\" data-settings=\"{&quot;background_background&quot;:&quot;classic&quot;}\">\n\t\t\t\t\t<div class=\"e-con-inner\">\n\t\t\t\t\t<\/div>\n\t\t\t\t<\/div>\n\t\t<div class=\"elementor-element elementor-element-70947c1c e-flex e-con-boxed e-con e-parent\" data-id=\"70947c1c\" data-element_type=\"container\" data-settings=\"{&quot;background_background&quot;:&quot;classic&quot;}\">\n\t\t\t\t\t<div class=\"e-con-inner\">\n\t\t\t\t<div class=\"elementor-element elementor-element-5dff4560 elementor-widget elementor-widget-text-editor\" data-id=\"5dff4560\" data-element_type=\"widget\" data-widget_type=\"text-editor.default\">\n\t\t\t\t<div class=\"elementor-widget-container\">\n\t\t\t\t\t\t\t\t\t<h3><strong>Acceso y uso de cookies en esta web<\/strong><\/h3><p>El acceso a este sitio web puede implicar la utilizaci\u00f3n de cookies. Las cookies son peque\u00f1as cantidades de informaci\u00f3n que se almacenan en el navegador utilizado por cada usuario en los diferentes dispositivos que puedan emplear para navegar. Su prop\u00f3sito es permitir que el servidor recuerde cierta informaci\u00f3n que posteriormente ser\u00e1 le\u00edda \u00fanicamente por el servidor que la implement\u00f3.<\/p><p>Las cookies facilitan la navegaci\u00f3n, la hacen m\u00e1s amigable y no da\u00f1an el dispositivo utilizado. Son procedimientos autom\u00e1ticos para la recopilaci\u00f3n de informaci\u00f3n relacionada con las preferencias del usuario durante su visita al sitio web. Su funci\u00f3n es reconocer al usuario, personalizar su experiencia y uso del sitio web, adem\u00e1s de identificar y resolver posibles errores.<\/p><p>La informaci\u00f3n recopilada por las cookies puede incluir la fecha y hora de visitas al sitio web, las p\u00e1ginas vistas, el tiempo de permanencia en el sitio y los sitios visitados antes y despu\u00e9s. Sin embargo, ninguna cookie permite contactar al usuario a trav\u00e9s de su n\u00famero de tel\u00e9fono ni ning\u00fan otro medio personal de contacto. Tampoco pueden extraer informaci\u00f3n del disco duro del usuario ni robar informaci\u00f3n personal. La \u00fanica manera de que la informaci\u00f3n privada del usuario sea parte del archivo de cookies es que el propio usuario proporcione esa informaci\u00f3n al servidor.<\/p><p>Las cookies que permiten identificar a una persona se consideran datos personales, y por lo tanto, la Pol\u00edtica de Privacidad ser\u00e1 aplicable. En este sentido, ser\u00e1 necesario el consentimiento del usuario para su uso, que se comunicar\u00e1 mediante una acci\u00f3n afirmativa antes de su tratamiento.<\/p><h3><strong>Tipos de cookies utilizadas<\/strong><\/h3><ol><li><strong>Cookies propias: <\/strong>Estas cookies son enviadas al dispositivo del usuario y gestionadas exclusivamente por nosotros para mejorar el funcionamiento del sitio web. Permiten reconocer al usuario como visitante recurrente y personalizar el contenido seg\u00fan sus preferencias.<\/li><li><strong>Cookies de terceros: <\/strong>Son cookies utilizadas y gestionadas por entidades externas para proporcionar servicios solicitados por nosotros, como estad\u00edsticas de acceso y an\u00e1lisis de navegaci\u00f3n. La informaci\u00f3n obtenida incluye, por ejemplo, el n\u00famero de p\u00e1ginas visitadas, el idioma, la ubicaci\u00f3n del usuario y el tiempo de visita. Estos datos se recopilan de forma an\u00f3nima para elaborar informes de tendencias sin identificar usuarios individuales.<p>Para m\u00e1s informaci\u00f3n sobre las cookies, su descripci\u00f3n, caracter\u00edsticas principales y periodo de expiraci\u00f3n, consulte los siguientes enlaces de terceros responsables:<\/p><ul><li><strong>Facebook<\/strong>: <a href=\"https:\/\/www.facebook.com\/policies\/cookies\/\">Pol\u00edtica de Cookies de Facebook<\/a><\/li><li><strong>Twitter<\/strong>: <a href=\"https:\/\/twitter.com\/es\/privacy\">Pol\u00edtica de Privacidad de Twitter<\/a><\/li><li><strong>Instagram<\/strong>: <a href=\"https:\/\/help.instagram.com\/1896641480634370?ref=ig\">Ayuda de Instagram<\/a><\/li><li><strong>YouTube<\/strong>: <a href=\"https:\/\/policies.google.com\/privacy?hl=es-419&amp;gl=mx\">Pol\u00edticas de Google<\/a><\/li><li><strong>Pinterest<\/strong>: <a href=\"https:\/\/policy.pinterest.com\/es\/privacy-policy\">Pol\u00edtica de Privacidad de Pinterest<\/a><\/li><li><strong>LinkedIn<\/strong>: <a href=\"https:\/\/www.linkedin.com\/legal\/cookie-policy?trk=hp-cookies\">Pol\u00edtica de Cookies de LinkedIn<\/a><\/li><\/ul><\/li><\/ol><h3><strong>Deshabilitar, rechazar y eliminar cookies<\/strong><\/h3><p>El usuario puede deshabilitar, rechazar y eliminar las cookies instaladas en su dispositivo a trav\u00e9s de la configuraci\u00f3n de su navegador (por ejemplo, Chrome, Firefox, Safari, Explorer). Los procedimientos pueden variar seg\u00fan el navegador utilizado, por lo que se recomienda seguir las instrucciones espec\u00edficas de cada navegador. Tenga en cuenta que, al rechazar las cookies, es posible que el uso de algunas funcionalidades del sitio web quede limitado.<\/p><p>Si tiene preguntas sobre esta pol\u00edtica, puede contactar con nosotros a trav\u00e9s de <a href=\"mailto:info@buildpat.com.ciitjedo.lucusprueba.es\">info@buildpat.com.ciitjedo.lucusprueba.es<\/a>.<\/p>\t\t\t\t\t\t\t\t<\/div>\n\t\t\t\t<\/div>\n\t\t\t\t\t<\/div>\n\t\t\t\t<\/div>\n\t\t\t\t<\/div>\n\t\t","protected":false},"excerpt":{"rendered":"<p>Acceso y uso de cookies en esta web El acceso a este sitio web puede implicar la utilizaci\u00f3n de cookies. Las cookies son peque\u00f1as cantidades de informaci\u00f3n que se almacenan en el navegador utilizado por cada usuario en los diferentes dispositivos que puedan emplear para navegar. Su prop\u00f3sito es permitir que el servidor recuerde cierta [&hellip;]<\/p>\n","protected":false},"author":1,"featured_media":0,"parent":0,"menu_order":0,"comment_status":"closed","ping_status":"closed","template":"elementor_header_footer","meta":{"footnotes":""},"class_list":["post-454","page","type-page","status-publish","hentry"],"yoast_head":"<!-- This site is optimized with the Yoast SEO plugin v24.3 - https:\/\/yoast.com\/wordpress\/plugins\/seo\/ -->\n<title>Pol\u00edtica de cookies - Buildpat<\/title>\n<meta name=\"robots\" content=\"index, follow, max-snippet:-1, max-image-preview:large, max-video-preview:-1\" \/>\n<link rel=\"canonical\" href=\"https:\/\/buildpat.com.ciitjedo.lucusprueba.es\/es\/wp-json\/wp\/v2\/pages\/454\" \/>\n<meta property=\"og:locale\" content=\"es_ES\" \/>\n<meta property=\"og:type\" content=\"article\" \/>\n<meta property=\"og:title\" content=\"Pol\u00edtica de cookies - Buildpat\" \/>\n<meta property=\"og:description\" content=\"Acceso y uso de cookies en esta web El acceso a este sitio web puede implicar la utilizaci\u00f3n de cookies. Las cookies son peque\u00f1as cantidades de informaci\u00f3n que se almacenan en el navegador utilizado por cada usuario en los diferentes dispositivos que puedan emplear para navegar. Su prop\u00f3sito es permitir que el servidor recuerde cierta [&hellip;]\" \/>\n<meta property=\"og:url\" content=\"https:\/\/buildpat.com.ciitjedo.lucusprueba.es\/es\/politica-de-cookies\/\" \/>\n<meta property=\"og:site_name\" content=\"Buildpat\" \/>\n<meta property=\"article:modified_time\" content=\"2025-01-13T15:28:58+00:00\" \/>\n<meta name=\"twitter:card\" content=\"summary_large_image\" \/>\n<meta name=\"twitter:label1\" content=\"Tiempo de lectura\" \/>\n\t<meta name=\"twitter:data1\" content=\"3 minutos\" \/>\n<script type=\"application\/ld+json\" class=\"yoast-schema-graph\">{\"@context\":\"https:\/\/schema.org\",\"@graph\":[{\"@type\":\"WebPage\",\"@id\":\"https:\/\/buildpat.com.ciitjedo.lucusprueba.es\/politica-de-cookies\/\",\"url\":\"https:\/\/buildpat.com.ciitjedo.lucusprueba.es\/politica-de-cookies\/\",\"name\":\"Pol\u00edtica de cookies - Buildpat\",\"isPartOf\":{\"@id\":\"https:\/\/buildpat.com.ciitjedo.lucusprueba.es\/es\/#website\"},\"datePublished\":\"2024-11-25T08:35:50+00:00\",\"dateModified\":\"2025-01-13T15:28:58+00:00\",\"breadcrumb\":{\"@id\":\"https:\/\/buildpat.com.ciitjedo.lucusprueba.es\/politica-de-cookies\/#breadcrumb\"},\"inLanguage\":\"es\",\"potentialAction\":[{\"@type\":\"ReadAction\",\"target\":[\"https:\/\/buildpat.com.ciitjedo.lucusprueba.es\/politica-de-cookies\/\"]}]},{\"@type\":\"BreadcrumbList\",\"@id\":\"https:\/\/buildpat.com.ciitjedo.lucusprueba.es\/politica-de-cookies\/#breadcrumb\",\"itemListElement\":[{\"@type\":\"ListItem\",\"position\":1,\"name\":\"Portada\",\"item\":\"https:\/\/buildpat.com.ciitjedo.lucusprueba.es\/\"},{\"@type\":\"ListItem\",\"position\":2,\"name\":\"Pol\u00edtica de cookies\"}]},{\"@type\":\"WebSite\",\"@id\":\"https:\/\/buildpat.com.ciitjedo.lucusprueba.es\/es\/#website\",\"url\":\"https:\/\/buildpat.com.ciitjedo.lucusprueba.es\/es\/\",\"name\":\"Davis\",\"description\":\"Reformas integrales\",\"publisher\":{\"@id\":\"https:\/\/buildpat.com.ciitjedo.lucusprueba.es\/es\/#organization\"},\"potentialAction\":[{\"@type\":\"SearchAction\",\"target\":{\"@type\":\"EntryPoint\",\"urlTemplate\":\"https:\/\/buildpat.com.ciitjedo.lucusprueba.es\/es\/?s={search_term_string}\"},\"query-input\":{\"@type\":\"PropertyValueSpecification\",\"valueRequired\":true,\"valueName\":\"search_term_string\"}}],\"inLanguage\":\"es\"},{\"@type\":\"Organization\",\"@id\":\"https:\/\/buildpat.com.ciitjedo.lucusprueba.es\/es\/#organization\",\"name\":\"Davis\",\"url\":\"https:\/\/buildpat.com.ciitjedo.lucusprueba.es\/es\/\",\"logo\":{\"@type\":\"ImageObject\",\"inLanguage\":\"es\",\"@id\":\"https:\/\/buildpat.com.ciitjedo.lucusprueba.es\/es\/#\/schema\/logo\/image\/\",\"url\":\"https:\/\/buildpat.com.ciitjedo.lucusprueba.es\/wp-content\/uploads\/2024\/04\/Logo-buildpat.webp\",\"contentUrl\":\"https:\/\/buildpat.com.ciitjedo.lucusprueba.es\/wp-content\/uploads\/2024\/04\/Logo-buildpat.webp\",\"width\":500,\"height\":218,\"caption\":\"Davis\"},\"image\":{\"@id\":\"https:\/\/buildpat.com.ciitjedo.lucusprueba.es\/es\/#\/schema\/logo\/image\/\"}}]}<\/script>\n<!-- \/ Yoast SEO plugin. -->","yoast_head_json":{"title":"Pol\u00edtica de cookies - Buildpat","robots":{"index":"index","follow":"follow","max-snippet":"max-snippet:-1","max-image-preview":"max-image-preview:large","max-video-preview":"max-video-preview:-1"},"canonical":"https:\/\/buildpat.com.ciitjedo.lucusprueba.es\/es\/wp-json\/wp\/v2\/pages\/454","og_locale":"es_ES","og_type":"article","og_title":"Pol\u00edtica de cookies - Buildpat","og_description":"Acceso y uso de cookies en esta web El acceso a este sitio web puede implicar la utilizaci\u00f3n de cookies. Las cookies son peque\u00f1as cantidades de informaci\u00f3n que se almacenan en el navegador utilizado por cada usuario en los diferentes dispositivos que puedan emplear para navegar. Su prop\u00f3sito es permitir que el servidor recuerde cierta [&hellip;]","og_url":"https:\/\/buildpat.com.ciitjedo.lucusprueba.es\/es\/politica-de-cookies\/","og_site_name":"Buildpat","article_modified_time":"2025-01-13T15:28:58+00:00","twitter_card":"summary_large_image","twitter_misc":{"Tiempo de lectura":"3 minutos"},"schema":{"@context":"https:\/\/schema.org","@graph":[{"@type":"WebPage","@id":"https:\/\/buildpat.com.ciitjedo.lucusprueba.es\/politica-de-cookies\/","url":"https:\/\/buildpat.com.ciitjedo.lucusprueba.es\/politica-de-cookies\/","name":"Pol\u00edtica de cookies - Buildpat","isPartOf":{"@id":"https:\/\/buildpat.com.ciitjedo.lucusprueba.es\/es\/#website"},"datePublished":"2024-11-25T08:35:50+00:00","dateModified":"2025-01-13T15:28:58+00:00","breadcrumb":{"@id":"https:\/\/buildpat.com.ciitjedo.lucusprueba.es\/politica-de-cookies\/#breadcrumb"},"inLanguage":"es","potentialAction":[{"@type":"ReadAction","target":["https:\/\/buildpat.com.ciitjedo.lucusprueba.es\/politica-de-cookies\/"]}]},{"@type":"BreadcrumbList","@id":"https:\/\/buildpat.com.ciitjedo.lucusprueba.es\/politica-de-cookies\/#breadcrumb","itemListElement":[{"@type":"ListItem","position":1,"name":"Portada","item":"https:\/\/buildpat.com.ciitjedo.lucusprueba.es\/"},{"@type":"ListItem","position":2,"name":"Pol\u00edtica de cookies"}]},{"@type":"WebSite","@id":"https:\/\/buildpat.com.ciitjedo.lucusprueba.es\/es\/#website","url":"https:\/\/buildpat.com.ciitjedo.lucusprueba.es\/es\/","name":"Davis","description":"Reformas integrales","publisher":{"@id":"https:\/\/buildpat.com.ciitjedo.lucusprueba.es\/es\/#organization"},"potentialAction":[{"@type":"SearchAction","target":{"@type":"EntryPoint","urlTemplate":"https:\/\/buildpat.com.ciitjedo.lucusprueba.es\/es\/?s={search_term_string}"},"query-input":{"@type":"PropertyValueSpecification","valueRequired":true,"valueName":"search_term_string"}}],"inLanguage":"es"},{"@type":"Organization","@id":"https:\/\/buildpat.com.ciitjedo.lucusprueba.es\/es\/#organization","name":"Davis","url":"https:\/\/buildpat.com.ciitjedo.lucusprueba.es\/es\/","logo":{"@type":"ImageObject","inLanguage":"es","@id":"https:\/\/buildpat.com.ciitjedo.lucusprueba.es\/es\/#\/schema\/logo\/image\/","url":"https:\/\/buildpat.com.ciitjedo.lucusprueba.es\/wp-content\/uploads\/2024\/04\/Logo-buildpat.webp","contentUrl":"https:\/\/buildpat.com.ciitjedo.lucusprueba.es\/wp-content\/uploads\/2024\/04\/Logo-buildpat.webp","width":500,"height":218,"caption":"Davis"},"image":{"@id":"https:\/\/buildpat.com.ciitjedo.lucusprueba.es\/es\/#\/schema\/logo\/image\/"}}]}},"_links":{"self":[{"href":"https:\/\/buildpat.com.ciitjedo.lucusprueba.es\/es\/wp-json\/wp\/v2\/pages\/454","targetHints":{"allow":["GET"]}}],"collection":[{"href":"https:\/\/buildpat.com.ciitjedo.lucusprueba.es\/es\/wp-json\/wp\/v2\/pages"}],"about":[{"href":"https:\/\/buildpat.com.ciitjedo.lucusprueba.es\/es\/wp-json\/wp\/v2\/types\/page"}],"author":[{"embeddable":true,"href":"https:\/\/buildpat.com.ciitjedo.lucusprueba.es\/es\/wp-json\/wp\/v2\/users\/1"}],"replies":[{"embeddable":true,"href":"https:\/\/buildpat.com.ciitjedo.lucusprueba.es\/es\/wp-json\/wp\/v2\/comments?post=454"}],"version-history":[{"count":6,"href":"https:\/\/buildpat.com.ciitjedo.lucusprueba.es\/es\/wp-json\/wp\/v2\/pages\/454\/revisions"}],"predecessor-version":[{"id":2584,"href":"https:\/\/buildpat.com.ciitjedo.lucusprueba.es\/es\/wp-json\/wp\/v2\/pages\/454\/revisions\/2584"}],"wp:attachment":[{"href":"https:\/\/buildpat.com.ciitjedo.lucusprueba.es\/es\/wp-json\/wp\/v2\/media?parent=454"}],"curies":[{"name":"wp","href":"https:\/\/api.w.org\/{rel}","templated":true}]}}