{"id":456,"date":"2024-11-25T08:36:01","date_gmt":"2024-11-25T08:36:01","guid":{"rendered":"https:\/\/buildpat.com.ciitjedo.lucusprueba.es\/?page_id=456"},"modified":"2025-01-13T15:06:08","modified_gmt":"2025-01-13T15:06:08","slug":"aviso-legal","status":"publish","type":"page","link":"https:\/\/buildpat.com.ciitjedo.lucusprueba.es\/es\/aviso-legal\/","title":{"rendered":"Aviso legal"},"content":{"rendered":"\t\t<div data-elementor-type=\"wp-page\" data-elementor-id=\"456\" class=\"elementor elementor-456\" data-elementor-post-type=\"page\">\n\t\t\t\t<div class=\"elementor-element elementor-element-61e1fa5c e-flex e-con-boxed e-con e-parent\" data-id=\"61e1fa5c\" data-element_type=\"container\" data-settings=\"{&quot;background_background&quot;:&quot;classic&quot;}\">\n\t\t\t\t\t<div class=\"e-con-inner\">\n\t\t\t\t\t<\/div>\n\t\t\t\t<\/div>\n\t\t<div class=\"elementor-element elementor-element-8a92fbc e-flex e-con-boxed e-con e-parent\" data-id=\"8a92fbc\" data-element_type=\"container\" data-settings=\"{&quot;background_background&quot;:&quot;classic&quot;}\">\n\t\t\t\t\t<div class=\"e-con-inner\">\n\t\t\t\t<div class=\"elementor-element elementor-element-8e7e332 elementor-widget elementor-widget-text-editor\" data-id=\"8e7e332\" data-element_type=\"widget\" data-widget_type=\"text-editor.default\">\n\t\t\t\t<div class=\"elementor-widget-container\">\n\t\t\t\t\t\t\t\t\t<h3><strong>I. INFORMACI\u00d3N GENERAL<\/strong><\/h3><p>En cumplimiento con el deber de informaci\u00f3n establecido en la Ley 34\/2002, de 11 de julio, de Servicios de la Sociedad de la Informaci\u00f3n y del Comercio Electr\u00f3nico (LSSI-CE), a continuaci\u00f3n se proporciona la informaci\u00f3n general de este sitio web:<\/p><p>El titular de este sitio web, <a href=\"https:\/\/earthpat.com\/\">https:\/\/buildpat.com.ciitjedo.lucusprueba.es<\/a>, (en adelante, el Sitio Web) es EARTHPAT S.L., con NIF: B55446199, y cuyos datos de contacto son:<\/p><ul><li>Direcci\u00f3n: Rambla Catalu\u00f1a 57-59, 4\u00ba 1\u00aa, 08007 Barcelona<\/li><li>Tel\u00e9fono de contacto: 93 212 81 27<\/li><li>Fax: 93 212 81 27<\/li><li>Correo electr\u00f3nico de contacto: <a href=\"mailto:info@earthpat.com\">info@buildpat.com.ciitjedo.lucusprueba.es<\/a><\/li><\/ul><hr \/><h3><strong>II. CONDICIONES GENERALES DE USO<\/strong><\/h3><h3>Objeto de las condiciones: El Sitio Web<\/h3><p>El prop\u00f3sito de estas Condiciones Generales de Uso (en adelante, las Condiciones) es regular el acceso y uso del Sitio Web. A los efectos de estas Condiciones, el t\u00e9rmino Sitio Web incluye: la apariencia externa de las interfaces de pantalla, tanto en forma est\u00e1tica como din\u00e1mica, el \u00e1rbol de navegaci\u00f3n y todos los elementos integrados en ambas (en adelante, los Contenidos) as\u00ed como todos los servicios o recursos en l\u00ednea que ofrezca a los Usuarios (en adelante, los Servicios).<\/p><p>BUILDPAT se reserva el derecho a modificar, en cualquier momento y sin previo aviso, la presentaci\u00f3n y configuraci\u00f3n del Sitio Web, as\u00ed como los Contenidos y Servicios que en \u00e9l pudieran incorporarse. El Usuario reconoce y acepta que en cualquier momento BUILDPAT puede interrumpir, desactivar y\/o cancelar cualquiera de estos elementos integrados en el Sitio Web o el acceso a los mismos.<\/p><p>El acceso al Sitio Web por parte del Usuario tiene car\u00e1cter libre y, por regla general, es gratuito, sin que el Usuario tenga que proporcionar una contraprestaci\u00f3n para disfrutar de ello, salvo en lo relativo al coste de conexi\u00f3n a trav\u00e9s de la red de telecomunicaciones proporcionada por el proveedor de acceso contratado por el Usuario.<\/p><p>El uso de cualquiera de los Contenidos o Servicios del Sitio Web podr\u00e1 realizarse mediante la suscripci\u00f3n o registro previo del Usuario.<\/p><h3>El Usuario<\/h3><p>El acceso, navegaci\u00f3n y uso del Sitio Web, as\u00ed como los espacios habilitados para interactuar entre los Usuarios y entre el Usuario y BUILDPAT, confiere la condici\u00f3n de Usuario, por lo que se aceptan, desde el inicio de la navegaci\u00f3n, todas las Condiciones establecidas en este documento, as\u00ed como sus posteriores modificaciones.<\/p><p>El Usuario se compromete a un uso adecuado del Sitio Web, lo cual incluye:<\/p><ol><li>Utilizar el Sitio Web y sus Contenidos sin contravenir las disposiciones legales, la moral o el orden p\u00fablico.<\/li><li>Garantizar la veracidad y legalidad de los datos proporcionados en formularios o registros.<\/li><\/ol><p>BUILDPAT, se reserva el derecho de retirar comentarios o contribuciones que vulneren la dignidad de las personas, sean discriminatorios o inapropiados.<\/p><p>El acceso al Sitio Web no implica ning\u00fan tipo de relaci\u00f3n comercial entre BUILDPAT y el Usuario.<\/p><p>El Usuario declara ser mayor de edad y contar con capacidad legal suficiente para aceptar estas Condiciones. Por lo tanto, BUILDPAT declina cualquier responsabilidad en caso de incumplimiento.<\/p><hr \/><h3><strong>III. ACCESO Y NAVEGACI\u00d3N EN EL SITIO WEB: EXCLUSI\u00d3N DE GARANT\u00cdAS Y RESPONSABILIDAD<\/strong><\/h3><p>BUILDPAT no garantiza la disponibilidad, continuidad y utilidad del Sitio Web, sus Contenidos o Servicios, aunque realizar\u00e1 esfuerzos razonables para garantizar su correcto funcionamiento.<\/p><p>No se responsabiliza de da\u00f1os causados al sistema del Usuario (hardware o software) ni de interrupciones por causas externas. Asimismo, no garantiza la ausencia de virus ni otros elementos da\u00f1inos.<\/p><hr \/><h3><strong>IV. POL\u00cdTICA DE ENLACES<\/strong><\/h3><p>El Sitio Web puede incluir enlaces a sitios de terceros con el objetivo de facilitar el acceso a informaci\u00f3n. BUILDPAT no controla ni asume responsabilidad sobre la calidad, disponibilidad o contenidos de estos sitios.<\/p><hr \/><h3><strong>V. PROPIEDAD INTELECTUAL E INDUSTRIAL<\/strong><\/h3><p>BUILDPAT es titular de los derechos de propiedad intelectual e industrial del Sitio Web y sus elementos. Queda prohibida la reproducci\u00f3n total o parcial de los Contenidos sin autorizaci\u00f3n expresa.<\/p><hr \/><h3><strong>VI. ACCIONES LEGALES, LEGISLACI\u00d3N APLICABLE Y JURISDICCI\u00d3N<\/strong><\/h3><p>BUILDPAT se reserva el derecho de emprender acciones legales por el uso indebido del Sitio Web o por el incumplimiento de estas Condiciones.<\/p><p>La relaci\u00f3n entre el Usuario y BUILDPAT se regir\u00e1 por la legislaci\u00f3n espa\u00f1ola. En caso de controversia, ambas partes se someter\u00e1n a los juzgados y tribunales de Barcelona.<\/p>\t\t\t\t\t\t\t\t<\/div>\n\t\t\t\t<\/div>\n\t\t\t\t\t<\/div>\n\t\t\t\t<\/div>\n\t\t\t\t<\/div>\n\t\t","protected":false},"excerpt":{"rendered":"<p>I. INFORMACI\u00d3N GENERAL En cumplimiento con el deber de informaci\u00f3n establecido en la Ley 34\/2002, de 11 de julio, de Servicios de la Sociedad de la Informaci\u00f3n y del Comercio Electr\u00f3nico (LSSI-CE), a continuaci\u00f3n se proporciona la informaci\u00f3n general de este sitio web: El titular de este sitio web, https:\/\/buildpat.com.ciitjedo.lucusprueba.es, (en adelante, el Sitio Web) [&hellip;]<\/p>\n","protected":false},"author":1,"featured_media":0,"parent":0,"menu_order":0,"comment_status":"closed","ping_status":"closed","template":"elementor_header_footer","meta":{"footnotes":""},"class_list":["post-456","page","type-page","status-publish","hentry"],"yoast_head":"<!-- This site is optimized with the Yoast SEO plugin v24.3 - https:\/\/yoast.com\/wordpress\/plugins\/seo\/ -->\n<title>Aviso legal - Buildpat<\/title>\n<meta name=\"robots\" content=\"index, follow, max-snippet:-1, max-image-preview:large, max-video-preview:-1\" \/>\n<link rel=\"canonical\" href=\"https:\/\/buildpat.com.ciitjedo.lucusprueba.es\/es\/wp-json\/wp\/v2\/pages\/456\" \/>\n<meta property=\"og:locale\" content=\"es_ES\" \/>\n<meta property=\"og:type\" content=\"article\" \/>\n<meta property=\"og:title\" content=\"Aviso legal - Buildpat\" \/>\n<meta property=\"og:description\" content=\"I. INFORMACI\u00d3N GENERAL En cumplimiento con el deber de informaci\u00f3n establecido en la Ley 34\/2002, de 11 de julio, de Servicios de la Sociedad de la Informaci\u00f3n y del Comercio Electr\u00f3nico (LSSI-CE), a continuaci\u00f3n se proporciona la informaci\u00f3n general de este sitio web: El titular de este sitio web, https:\/\/buildpat.com.ciitjedo.lucusprueba.es, (en adelante, el Sitio Web) [&hellip;]\" \/>\n<meta property=\"og:url\" content=\"https:\/\/buildpat.com.ciitjedo.lucusprueba.es\/es\/aviso-legal\/\" \/>\n<meta property=\"og:site_name\" content=\"Buildpat\" \/>\n<meta property=\"article:modified_time\" content=\"2025-01-13T15:06:08+00:00\" \/>\n<meta name=\"twitter:card\" content=\"summary_large_image\" \/>\n<meta name=\"twitter:label1\" content=\"Tiempo de lectura\" \/>\n\t<meta name=\"twitter:data1\" content=\"4 minutos\" \/>\n<script type=\"application\/ld+json\" class=\"yoast-schema-graph\">{\"@context\":\"https:\/\/schema.org\",\"@graph\":[{\"@type\":\"WebPage\",\"@id\":\"https:\/\/buildpat.com.ciitjedo.lucusprueba.es\/aviso-legal\/\",\"url\":\"https:\/\/buildpat.com.ciitjedo.lucusprueba.es\/aviso-legal\/\",\"name\":\"Aviso legal - Buildpat\",\"isPartOf\":{\"@id\":\"https:\/\/buildpat.com.ciitjedo.lucusprueba.es\/es\/#website\"},\"datePublished\":\"2024-11-25T08:36:01+00:00\",\"dateModified\":\"2025-01-13T15:06:08+00:00\",\"breadcrumb\":{\"@id\":\"https:\/\/buildpat.com.ciitjedo.lucusprueba.es\/aviso-legal\/#breadcrumb\"},\"inLanguage\":\"es\",\"potentialAction\":[{\"@type\":\"ReadAction\",\"target\":[\"https:\/\/buildpat.com.ciitjedo.lucusprueba.es\/aviso-legal\/\"]}]},{\"@type\":\"BreadcrumbList\",\"@id\":\"https:\/\/buildpat.com.ciitjedo.lucusprueba.es\/aviso-legal\/#breadcrumb\",\"itemListElement\":[{\"@type\":\"ListItem\",\"position\":1,\"name\":\"Portada\",\"item\":\"https:\/\/buildpat.com.ciitjedo.lucusprueba.es\/\"},{\"@type\":\"ListItem\",\"position\":2,\"name\":\"Aviso legal\"}]},{\"@type\":\"WebSite\",\"@id\":\"https:\/\/buildpat.com.ciitjedo.lucusprueba.es\/es\/#website\",\"url\":\"https:\/\/buildpat.com.ciitjedo.lucusprueba.es\/es\/\",\"name\":\"Davis\",\"description\":\"Reformas integrales\",\"publisher\":{\"@id\":\"https:\/\/buildpat.com.ciitjedo.lucusprueba.es\/es\/#organization\"},\"potentialAction\":[{\"@type\":\"SearchAction\",\"target\":{\"@type\":\"EntryPoint\",\"urlTemplate\":\"https:\/\/buildpat.com.ciitjedo.lucusprueba.es\/es\/?s={search_term_string}\"},\"query-input\":{\"@type\":\"PropertyValueSpecification\",\"valueRequired\":true,\"valueName\":\"search_term_string\"}}],\"inLanguage\":\"es\"},{\"@type\":\"Organization\",\"@id\":\"https:\/\/buildpat.com.ciitjedo.lucusprueba.es\/es\/#organization\",\"name\":\"Davis\",\"url\":\"https:\/\/buildpat.com.ciitjedo.lucusprueba.es\/es\/\",\"logo\":{\"@type\":\"ImageObject\",\"inLanguage\":\"es\",\"@id\":\"https:\/\/buildpat.com.ciitjedo.lucusprueba.es\/es\/#\/schema\/logo\/image\/\",\"url\":\"https:\/\/buildpat.com.ciitjedo.lucusprueba.es\/wp-content\/uploads\/2024\/04\/Logo-buildpat.webp\",\"contentUrl\":\"https:\/\/buildpat.com.ciitjedo.lucusprueba.es\/wp-content\/uploads\/2024\/04\/Logo-buildpat.webp\",\"width\":500,\"height\":218,\"caption\":\"Davis\"},\"image\":{\"@id\":\"https:\/\/buildpat.com.ciitjedo.lucusprueba.es\/es\/#\/schema\/logo\/image\/\"}}]}<\/script>\n<!-- \/ Yoast SEO plugin. -->","yoast_head_json":{"title":"Aviso legal - Buildpat","robots":{"index":"index","follow":"follow","max-snippet":"max-snippet:-1","max-image-preview":"max-image-preview:large","max-video-preview":"max-video-preview:-1"},"canonical":"https:\/\/buildpat.com.ciitjedo.lucusprueba.es\/es\/wp-json\/wp\/v2\/pages\/456","og_locale":"es_ES","og_type":"article","og_title":"Aviso legal - Buildpat","og_description":"I. INFORMACI\u00d3N GENERAL En cumplimiento con el deber de informaci\u00f3n establecido en la Ley 34\/2002, de 11 de julio, de Servicios de la Sociedad de la Informaci\u00f3n y del Comercio Electr\u00f3nico (LSSI-CE), a continuaci\u00f3n se proporciona la informaci\u00f3n general de este sitio web: El titular de este sitio web, https:\/\/buildpat.com.ciitjedo.lucusprueba.es, (en adelante, el Sitio Web) [&hellip;]","og_url":"https:\/\/buildpat.com.ciitjedo.lucusprueba.es\/es\/aviso-legal\/","og_site_name":"Buildpat","article_modified_time":"2025-01-13T15:06:08+00:00","twitter_card":"summary_large_image","twitter_misc":{"Tiempo de lectura":"4 minutos"},"schema":{"@context":"https:\/\/schema.org","@graph":[{"@type":"WebPage","@id":"https:\/\/buildpat.com.ciitjedo.lucusprueba.es\/aviso-legal\/","url":"https:\/\/buildpat.com.ciitjedo.lucusprueba.es\/aviso-legal\/","name":"Aviso legal - Buildpat","isPartOf":{"@id":"https:\/\/buildpat.com.ciitjedo.lucusprueba.es\/es\/#website"},"datePublished":"2024-11-25T08:36:01+00:00","dateModified":"2025-01-13T15:06:08+00:00","breadcrumb":{"@id":"https:\/\/buildpat.com.ciitjedo.lucusprueba.es\/aviso-legal\/#breadcrumb"},"inLanguage":"es","potentialAction":[{"@type":"ReadAction","target":["https:\/\/buildpat.com.ciitjedo.lucusprueba.es\/aviso-legal\/"]}]},{"@type":"BreadcrumbList","@id":"https:\/\/buildpat.com.ciitjedo.lucusprueba.es\/aviso-legal\/#breadcrumb","itemListElement":[{"@type":"ListItem","position":1,"name":"Portada","item":"https:\/\/buildpat.com.ciitjedo.lucusprueba.es\/"},{"@type":"ListItem","position":2,"name":"Aviso legal"}]},{"@type":"WebSite","@id":"https:\/\/buildpat.com.ciitjedo.lucusprueba.es\/es\/#website","url":"https:\/\/buildpat.com.ciitjedo.lucusprueba.es\/es\/","name":"Davis","description":"Reformas integrales","publisher":{"@id":"https:\/\/buildpat.com.ciitjedo.lucusprueba.es\/es\/#organization"},"potentialAction":[{"@type":"SearchAction","target":{"@type":"EntryPoint","urlTemplate":"https:\/\/buildpat.com.ciitjedo.lucusprueba.es\/es\/?s={search_term_string}"},"query-input":{"@type":"PropertyValueSpecification","valueRequired":true,"valueName":"search_term_string"}}],"inLanguage":"es"},{"@type":"Organization","@id":"https:\/\/buildpat.com.ciitjedo.lucusprueba.es\/es\/#organization","name":"Davis","url":"https:\/\/buildpat.com.ciitjedo.lucusprueba.es\/es\/","logo":{"@type":"ImageObject","inLanguage":"es","@id":"https:\/\/buildpat.com.ciitjedo.lucusprueba.es\/es\/#\/schema\/logo\/image\/","url":"https:\/\/buildpat.com.ciitjedo.lucusprueba.es\/wp-content\/uploads\/2024\/04\/Logo-buildpat.webp","contentUrl":"https:\/\/buildpat.com.ciitjedo.lucusprueba.es\/wp-content\/uploads\/2024\/04\/Logo-buildpat.webp","width":500,"height":218,"caption":"Davis"},"image":{"@id":"https:\/\/buildpat.com.ciitjedo.lucusprueba.es\/es\/#\/schema\/logo\/image\/"}}]}},"_links":{"self":[{"href":"https:\/\/buildpat.com.ciitjedo.lucusprueba.es\/es\/wp-json\/wp\/v2\/pages\/456","targetHints":{"allow":["GET"]}}],"collection":[{"href":"https:\/\/buildpat.com.ciitjedo.lucusprueba.es\/es\/wp-json\/wp\/v2\/pages"}],"about":[{"href":"https:\/\/buildpat.com.ciitjedo.lucusprueba.es\/es\/wp-json\/wp\/v2\/types\/page"}],"author":[{"embeddable":true,"href":"https:\/\/buildpat.com.ciitjedo.lucusprueba.es\/es\/wp-json\/wp\/v2\/users\/1"}],"replies":[{"embeddable":true,"href":"https:\/\/buildpat.com.ciitjedo.lucusprueba.es\/es\/wp-json\/wp\/v2\/comments?post=456"}],"version-history":[{"count":23,"href":"https:\/\/buildpat.com.ciitjedo.lucusprueba.es\/es\/wp-json\/wp\/v2\/pages\/456\/revisions"}],"predecessor-version":[{"id":2573,"href":"https:\/\/buildpat.com.ciitjedo.lucusprueba.es\/es\/wp-json\/wp\/v2\/pages\/456\/revisions\/2573"}],"wp:attachment":[{"href":"https:\/\/buildpat.com.ciitjedo.lucusprueba.es\/es\/wp-json\/wp\/v2\/media?parent=456"}],"curies":[{"name":"wp","href":"https:\/\/api.w.org\/{rel}","templated":true}]}}